{"id":952,"date":"2025-12-11T10:41:02","date_gmt":"2025-12-11T09:41:02","guid":{"rendered":"https:\/\/www.aldichdesign.com\/cookies-policiy\/"},"modified":"2025-12-11T10:41:02","modified_gmt":"2025-12-11T09:41:02","slug":"cookies-policiy","status":"publish","type":"page","link":"https:\/\/www.aldichdesign.com\/en\/cookies-policiy\/","title":{"rendered":"Cookies Policiy"},"content":{"rendered":"<p style=\"text-align: justify;\">Queremos informarte que nuestra p\u00e1gina web utiliza cookies que nos permite analizar la navegaci\u00f3n de usuarios.<\/p>\n<p style=\"text-align: justify;\">Las cookies son unos archivos que se instalan en el equipo desde el que accedes a nuestra web con las finalidades que se describen en esta p\u00e1gina.<\/p>\n<p style=\"text-align: justify;\">Las cookies son esenciales para el funcionamiento de internet, aportando innumerables ventajas en la prestaci\u00f3n de servicios interactivos, facilit\u00e1ndole la navegaci\u00f3n y usabilidad de nuestra web. Tenga en cuenta que las cookies no pueden da\u00f1ar su equipo y que, a cambio, el que est\u00e9n activadas nos ayudan a identificar y resolver los errores. <\/p>\n<p style=\"text-align: justify;\">La informaci\u00f3n que le proporcionamos a continuaci\u00f3n, le ayudar\u00e1 a comprender los diferentes tipos de cookies:<\/p>\n<p style=\"text-align: justify;\"><strong>Cookies de sesi\u00f3n:<\/strong> son cookies temporales que permanecen en el archivo de cookies de su navegador hasta que abandone la p\u00e1gina web, por lo que ninguna queda registrada en el disco duro del usuario. La informaci\u00f3n obtenida por medio de estas cookies, sirven para analizar pautas de tr\u00e1fico en la web. A la larga, esto nos permite proporcionar una mejor experiencia para mejorar el contenido y facilitando su uso.  <\/p>\n<p style=\"text-align: justify;\"><strong>Cookies permanentes: <\/strong>son almacenadas en el disco duro y nuestra web las lee cada vez que usted realiza una nueva visita. Una web permanente posee una fecha de expiraci\u00f3n determinada. La cookie dejar\u00e1 de funcionar despu\u00e9s de esa fecha. Las utilizamos, generalmente, para facilitar los servicios de compra y registro.   <\/p>\n<p style=\"text-align: justify;\"><strong>APLICACIONES<\/strong><\/p>\n<p style=\"text-align: justify;\">En nuestra p\u00e1gina web analizamos cookies pr\u00e1cticas y sencillas de servicios que pr\u00e1cticamente todas las webs profesionales tiene. As\u00ed utilizamos las siguientes aplicaciones para obtener y analizar informaci\u00f3n de navegaci\u00f3n: <\/p>\n<p style=\"text-align: justify;\"><strong>Google Analytics<\/strong><\/p>\n<p style=\"text-align: justify;\">En este caso la finalidad de las cookies es conocer el nivel de recurrencia de nuestros visitantes y cu\u00e1les son los contenidos que resultan de mayor inter\u00e9s. Esta herramienta no obtiene datos de los nombres o apellidos de los usuarios ni de la direcci\u00f3n postal desde donde se conectan. Estas cookies generan un ID de usuario an\u00f3nimo que es el que se utiliza para hacer el recuento de cuantas veces visita el sitio el usuario. Tambi\u00e9n registra cuando fue la primera y la \u00faltima vez que visit\u00f3 la web.   <\/p>\n<p style=\"text-align: justify;\">Asimismo, calcula cuando se ha terminado una sesi\u00f3n, origen del usuario y keywords. La informaci\u00f3n que obtiene est\u00e1 relacionada por ejemplo con el n\u00famero de p\u00e1ginas visitas, el idioma, red social en la que se publican nuestras noticias, la ciudad a la que est\u00e1 asignada la direcci\u00f3n IP desde la que acceden los usuarios, el n\u00famero de usuarios que nos visitan, la frecuencia y reincidencia de las visitas, el tiempo de visita, el navegador que usan, el operador o tipo de terminal desde el que se realiza la visita. Para m\u00e1s informaci\u00f3n: www.google.com\/analytics\/ o https:\/\/www.google.com\/analytics\/learn\/privacy.html?hl=es.  <\/p>\n<p style=\"text-align: justify;\">La informaci\u00f3n extra\u00edda a trav\u00e9s de las cookies la utilizamos para mejorar nuestra p\u00e1gina, hacer m\u00e1s accesible la informaci\u00f3n al usuario, detectar nuevas necesidades y valorar las mejoras a introducir con la finalidad de prestar un mejor servicio a los usuarios que nos visitan.<\/p>\n<p style=\"text-align: justify;\"><strong>Permisos<\/strong><\/p>\n<p style=\"text-align: justify;\">Para permitir, conocer, bloquear o eliminar las cookies instaladas en tu equipo puedes hacerlo mediante la configuraci\u00f3n de las opciones del navegador instalado en su ordenador.<\/p>\n<p style=\"text-align: justify;\">Por ejemplo puedes encontrar informaci\u00f3n sobre c\u00f3mo hacerlo en el caso que uses como navegador:<\/p>\n<p style=\"text-align: justify;\"><strong>Firefox<\/strong> <a href=\"https:\/\/support.mozilla.org\/es\/kb\/cookies-informacion-que-los-sitios-web-guardan-en-\" target=\"_blank\" rel=\"noopener\">desde aqu\u00ed<\/a>.<br \/>\n<strong>Chrome<\/strong> <a href=\"http:\/\/support.google.com\/chrome\/bin\/answer.py?hl=es&amp;answer=95647\" target=\"_blank\" rel=\"noopener\">desde aqu\u00ed<\/a>.<br \/>\n<strong>Explorer<\/strong> <a href=\"http:\/\/windows.microsoft.com\/es-es\/windows7\/how-to-manage-cookies-in-internet-explorer-9\" target=\"_blank\" rel=\"noopener\">desde aqu\u00ed<\/a>.<br \/>\n<strong>Safari<\/strong> <a href=\"http:\/\/support.apple.com\/kb\/ph5042\" target=\"_blank\" rel=\"noopener\">desde aqu\u00ed<\/a>.<br \/>\n<strong>Opera<\/strong> <a href=\"http:\/\/help.opera.com\/Windows\/11.50\/es-ES\/cookies.html\" target=\"_blank\" rel=\"noopener\">desde aqu\u00ed<\/a>.<\/p>\n","protected":false},"excerpt":{"rendered":"<p>Queremos informarte que nuestra p\u00e1gina web utiliza cookies que nos permite analizar la navegaci\u00f3n de usuarios. Las cookies son unos [&hellip;]<\/p>\n","protected":false},"author":1,"featured_media":0,"parent":0,"menu_order":0,"comment_status":"closed","ping_status":"closed","template":"","meta":{"site-sidebar-layout":"default","site-content-layout":"","ast-site-content-layout":"default","site-content-style":"default","site-sidebar-style":"default","ast-global-header-display":"","ast-banner-title-visibility":"","ast-main-header-display":"","ast-hfb-above-header-display":"","ast-hfb-below-header-display":"","ast-hfb-mobile-header-display":"","site-post-title":"","ast-breadcrumbs-content":"","ast-featured-img":"","footer-sml-layout":"","theme-transparent-header-meta":"default","adv-header-id-meta":"","stick-header-meta":"","header-above-stick-meta":"","header-main-stick-meta":"","header-below-stick-meta":"","astra-migrate-meta-layouts":"default","ast-page-background-enabled":"default","ast-page-background-meta":{"desktop":{"background-color":"var(--ast-global-color-5)","background-image":"","background-repeat":"repeat","background-position":"center center","background-size":"auto","background-attachment":"scroll","background-type":"","background-media":"","overlay-type":"","overlay-color":"","overlay-opacity":"","overlay-gradient":""},"tablet":{"background-color":"","background-image":"","background-repeat":"repeat","background-position":"center center","background-size":"auto","background-attachment":"scroll","background-type":"","background-media":"","overlay-type":"","overlay-color":"","overlay-opacity":"","overlay-gradient":""},"mobile":{"background-color":"","background-image":"","background-repeat":"repeat","background-position":"center center","background-size":"auto","background-attachment":"scroll","background-type":"","background-media":"","overlay-type":"","overlay-color":"","overlay-opacity":"","overlay-gradient":""}},"ast-content-background-meta":{"desktop":{"background-color":"var(--ast-global-color-4)","background-image":"","background-repeat":"repeat","background-position":"center center","background-size":"auto","background-attachment":"scroll","background-type":"","background-media":"","overlay-type":"","overlay-color":"","overlay-opacity":"","overlay-gradient":""},"tablet":{"background-color":"var(--ast-global-color-4)","background-image":"","background-repeat":"repeat","background-position":"center center","background-size":"auto","background-attachment":"scroll","background-type":"","background-media":"","overlay-type":"","overlay-color":"","overlay-opacity":"","overlay-gradient":""},"mobile":{"background-color":"var(--ast-global-color-4)","background-image":"","background-repeat":"repeat","background-position":"center center","background-size":"auto","background-attachment":"scroll","background-type":"","background-media":"","overlay-type":"","overlay-color":"","overlay-opacity":"","overlay-gradient":""}},"footnotes":""},"class_list":["post-952","page","type-page","status-publish","hentry"],"_links":{"self":[{"href":"https:\/\/www.aldichdesign.com\/en\/wp-json\/wp\/v2\/pages\/952","targetHints":{"allow":["GET"]}}],"collection":[{"href":"https:\/\/www.aldichdesign.com\/en\/wp-json\/wp\/v2\/pages"}],"about":[{"href":"https:\/\/www.aldichdesign.com\/en\/wp-json\/wp\/v2\/types\/page"}],"author":[{"embeddable":true,"href":"https:\/\/www.aldichdesign.com\/en\/wp-json\/wp\/v2\/users\/1"}],"replies":[{"embeddable":true,"href":"https:\/\/www.aldichdesign.com\/en\/wp-json\/wp\/v2\/comments?post=952"}],"version-history":[{"count":0,"href":"https:\/\/www.aldichdesign.com\/en\/wp-json\/wp\/v2\/pages\/952\/revisions"}],"wp:attachment":[{"href":"https:\/\/www.aldichdesign.com\/en\/wp-json\/wp\/v2\/media?parent=952"}],"curies":[{"name":"wp","href":"https:\/\/api.w.org\/{rel}","templated":true}]}}