{"id":951,"date":"2025-12-11T10:40:46","date_gmt":"2025-12-11T09:40:46","guid":{"rendered":"https:\/\/www.aldichdesign.com\/legal-advice\/"},"modified":"2025-12-11T10:40:46","modified_gmt":"2025-12-11T09:40:46","slug":"legal-advice","status":"publish","type":"page","link":"https:\/\/www.aldichdesign.com\/en\/legal-advice\/","title":{"rendered":"Legal Advice"},"content":{"rendered":"<p>En cumplimiento con lo establecido en la Ley 34\/2002, de 11 de julio, de Servicios de la Sociedad de la Informaci\u00f3n y de Comercio Electr\u00f3nico (LSSI-CE), y el Reglamento (UE) 2016\/679 del Parlamento Europeo y del Consejo, de 27 de abril de 2016, relativo a la protecci\u00f3n de las personas f\u00edsicas (RGPD), se informa de los siguientes datos:<\/p>\n<h3>1. Datos del titular del sitio web<\/h3>\n<p><strong>Titular<\/strong>: Alejandra D\u00edaz Chac\u00f3n<br \/>\n<strong>Direcci\u00f3n<\/strong>: Calle Pintor el Greco 2, piso 3, puerta 2<br \/>\n<strong>CIF\/NIF<\/strong>: 09078632A<br \/>\n<strong>Correo electr\u00f3nico<\/strong>: info@aldichdesign.com<br \/>\n<strong>Tel\u00e9fono<\/strong>: 619 66 10 26<\/p>\n<h3>2. Usuarios<\/h3>\n<p>El acceso y\/o uso de este sitio web atribuye la condici\u00f3n de usuario, que acepta, desde dicho acceso y\/o uso, el cumplimiento de las disposiciones aqu\u00ed expuestas, as\u00ed como cualquier otra disposici\u00f3n legal que sea de aplicaci\u00f3n.<\/p>\n<h3>3. Uso del sitio web<\/h3>\n<p>El sitio web www.aldichdesign.com proporciona acceso a informaci\u00f3n, servicios, programas o datos (en adelante, \u00abAldich Design \u00bb) en Internet pertenecientes a Aldich Design o a sus licenciantes. El usuario se compromete a hacer un uso adecuado de los contenidos y servicios que Aldich Design ofrece a trav\u00e9s de su sitio web.<\/p>\n<h3>4. Protecci\u00f3n de datos personales<\/h3>\n<p>Aldich Design garantiza el cumplimiento del Reglamento General de Protecci\u00f3n de Datos (RGPD) y cualquier otra normativa vigente en materia de protecci\u00f3n de datos. Para m\u00e1s informaci\u00f3n sobre c\u00f3mo tratamos tus datos, por favor consulta nuestra Pol\u00edtica de Privacidad.<\/p>\n<h3>5. Propiedad intelectual e industrial<\/h3>\n<p>Aldich Design es titular de todos los derechos de propiedad intelectual e industrial de su p\u00e1gina web, as\u00ed como de los elementos contenidos en la misma (a t\u00edtulo enunciativo, im\u00e1genes, sonido, audio, v\u00eddeo, software o textos; marcas o logotipos, combinaciones de colores, estructura y dise\u00f1o, selecci\u00f3n de materiales usados, etc.).<\/p>\n<h3>6. Exclusi\u00f3n de garant\u00edas y responsabilidad<\/h3>\n<p>Aldich Design no se hace responsable, en ning\u00fan caso, de los da\u00f1os y perjuicios de cualquier naturaleza que pudieran ocasionar, a t\u00edtulo enunciativo: errores u omisiones en los contenidos, falta de disponibilidad del portal o la transmisi\u00f3n de virus o programas maliciosos o lesivos en los contenidos, a pesar de haber adoptado todas las medidas tecnol\u00f3gicas necesarias para evitarlo.<\/p>\n<h3>7. Modificaciones<\/h3>\n<p>Aldich Design se reserva el derecho de efectuar sin previo aviso las modificaciones que considere oportunas en su portal, pudiendo cambiar, suprimir o a\u00f1adir tanto los contenidos y servicios que se presten a trav\u00e9s de este como la forma en la que estos aparezcan presentados o localizados en su portal.<\/p>\n<h3>8. Enlaces<\/h3>\n<p>En el caso de que en Aldich Design se dispusiesen enlaces o hiperv\u00ednculos hacia otros sitios de Internet, Aldich Design no ejercer\u00e1 ning\u00fan tipo de control sobre dichos sitios y contenidos.<\/p>\n<h3>9. Derecho aplicable y jurisdicci\u00f3n<\/h3>\n<p>La relaci\u00f3n entre Aldich Design y el usuario se regir\u00e1 por la normativa espa\u00f1ola vigente, y cualquier controversia se someter\u00e1 a los Juzgados y Tribunales de C\u00f3rdoba.<\/p>\n","protected":false},"excerpt":{"rendered":"<p>En cumplimiento con lo establecido en la Ley 34\/2002, de 11 de julio, de Servicios de la Sociedad de la [&hellip;]<\/p>\n","protected":false},"author":1,"featured_media":0,"parent":0,"menu_order":0,"comment_status":"closed","ping_status":"closed","template":"","meta":{"site-sidebar-layout":"default","site-content-layout":"","ast-site-content-layout":"default","site-content-style":"default","site-sidebar-style":"default","ast-global-header-display":"","ast-banner-title-visibility":"","ast-main-header-display":"","ast-hfb-above-header-display":"","ast-hfb-below-header-display":"","ast-hfb-mobile-header-display":"","site-post-title":"","ast-breadcrumbs-content":"","ast-featured-img":"","footer-sml-layout":"","theme-transparent-header-meta":"default","adv-header-id-meta":"","stick-header-meta":"","header-above-stick-meta":"","header-main-stick-meta":"","header-below-stick-meta":"","astra-migrate-meta-layouts":"default","ast-page-background-enabled":"default","ast-page-background-meta":{"desktop":{"background-color":"var(--ast-global-color-5)","background-image":"","background-repeat":"repeat","background-position":"center center","background-size":"auto","background-attachment":"scroll","background-type":"","background-media":"","overlay-type":"","overlay-color":"","overlay-opacity":"","overlay-gradient":""},"tablet":{"background-color":"","background-image":"","background-repeat":"repeat","background-position":"center center","background-size":"auto","background-attachment":"scroll","background-type":"","background-media":"","overlay-type":"","overlay-color":"","overlay-opacity":"","overlay-gradient":""},"mobile":{"background-color":"","background-image":"","background-repeat":"repeat","background-position":"center center","background-size":"auto","background-attachment":"scroll","background-type":"","background-media":"","overlay-type":"","overlay-color":"","overlay-opacity":"","overlay-gradient":""}},"ast-content-background-meta":{"desktop":{"background-color":"var(--ast-global-color-4)","background-image":"","background-repeat":"repeat","background-position":"center center","background-size":"auto","background-attachment":"scroll","background-type":"","background-media":"","overlay-type":"","overlay-color":"","overlay-opacity":"","overlay-gradient":""},"tablet":{"background-color":"var(--ast-global-color-4)","background-image":"","background-repeat":"repeat","background-position":"center center","background-size":"auto","background-attachment":"scroll","background-type":"","background-media":"","overlay-type":"","overlay-color":"","overlay-opacity":"","overlay-gradient":""},"mobile":{"background-color":"var(--ast-global-color-4)","background-image":"","background-repeat":"repeat","background-position":"center center","background-size":"auto","background-attachment":"scroll","background-type":"","background-media":"","overlay-type":"","overlay-color":"","overlay-opacity":"","overlay-gradient":""}},"footnotes":""},"class_list":["post-951","page","type-page","status-publish","hentry"],"_links":{"self":[{"href":"https:\/\/www.aldichdesign.com\/en\/wp-json\/wp\/v2\/pages\/951","targetHints":{"allow":["GET"]}}],"collection":[{"href":"https:\/\/www.aldichdesign.com\/en\/wp-json\/wp\/v2\/pages"}],"about":[{"href":"https:\/\/www.aldichdesign.com\/en\/wp-json\/wp\/v2\/types\/page"}],"author":[{"embeddable":true,"href":"https:\/\/www.aldichdesign.com\/en\/wp-json\/wp\/v2\/users\/1"}],"replies":[{"embeddable":true,"href":"https:\/\/www.aldichdesign.com\/en\/wp-json\/wp\/v2\/comments?post=951"}],"version-history":[{"count":0,"href":"https:\/\/www.aldichdesign.com\/en\/wp-json\/wp\/v2\/pages\/951\/revisions"}],"wp:attachment":[{"href":"https:\/\/www.aldichdesign.com\/en\/wp-json\/wp\/v2\/media?parent=951"}],"curies":[{"name":"wp","href":"https:\/\/api.w.org\/{rel}","templated":true}]}}