{"id":950,"date":"2025-12-11T10:41:57","date_gmt":"2025-12-11T09:41:57","guid":{"rendered":"https:\/\/www.aldichdesign.com\/accesibilidad\/"},"modified":"2025-12-11T10:41:57","modified_gmt":"2025-12-11T09:41:57","slug":"accesibilidad","status":"publish","type":"page","link":"https:\/\/www.aldichdesign.com\/en\/accesibilidad\/","title":{"rendered":"Accesibilidad"},"content":{"rendered":"<p>Este sitio web se compromete a hacer accesible su sitio web de conformidad con el Real Decreto 1112\/2018, de 7 de septiembre, sobre accesibilidad de los sitios web y aplicaciones para dispositivos m\u00f3viles del sector p\u00fablico.<br \/>\nLa presente declaraci\u00f3n de accesibilidad se aplica al sitio web https:\/\/www.aldichdesign.com<\/p>\n<p><strong>Pautas de accesibilidad<\/strong><\/p>\n<p>Se han tomado diversas medidas para hacer el sitio web m\u00e1s accesible, entre ellas:<\/p>\n<p>\u2013 Men\u00fa de herramientas de accesibilidad<br \/>\n\u2013 Orden l\u00f3gico de presentaci\u00f3n de los elementos en pantalla<br \/>\n\u2013 Texto descriptivo de las im\u00e1genes<br \/>\n\u2013 Acceso mediante teclado a las opciones principales<br \/>\n\u2013 Colores contrastados<\/p>\n<p>Herramientas de validaci\u00f3n semiautom\u00e1ticas<\/p>\n<p>El sitio web dispone del plugin SOGO Accessibility que habilita herramientas b\u00e1sicas de accesibilidad y a\u00f1ade diferentes funcionalidades como, por ejemplo, cambiar contrastes o aumentar\/reducir tama\u00f1o de tipograf\u00eda.<\/p>\n<p><strong>Comprobaci\u00f3n manual<\/strong><\/p>\n<p>\u2013 Confirmar que se puede aumentar el tama\u00f1o de fuente y que la p\u00e1gina es navegable con un tama\u00f1o de fuente grande.<br \/>\n\u2013 Comprobar que existe un buen resaltado visual del elemento que recibe el foco tanto mediante el rat\u00f3n, como mediante el teclado.<br \/>\n\u2013 Probar las p\u00e1ginas con diferentes resoluciones de pantalla y\/o con diferentes tama\u00f1os de ventana.<br \/>\n\u2013 Visualizar las p\u00e1ginas en escala de grises, seleccionada en las opciones del sistema del ordenador.<br \/>\n\u2013 Revisar el contraste que existe entre fondo y texto, tanto en los contenidos como en las im\u00e1genes.<\/p>\n<p><strong>Observaciones<\/strong><\/p>\n<p>Este sitio web est\u00e1 optimizado para los navegadores Internet Explorer 9.0 o versiones superiores y las \u00faltimas versiones vigentes de FireFox, Safari y Google Chrome. La resoluci\u00f3n web m\u00ednima recomendada es de 1280\u00d71024.<\/p>\n<p>El sitio web est\u00e1 dise\u00f1ado para su visualizaci\u00f3n responsiva, con lo que se visualiza de forma \u00f3ptima en los dispositivos tablet y m\u00f3viles. En estos dispositivos est\u00e1 optimizado para su visualizaci\u00f3n en las \u00faltimas versiones vigentes de Chrome for mobile, Firefox for mobile, Safari mobile y navegador nativo de Android.<\/p>\n<p><strong>Preparaci\u00f3n de la presente declaraci\u00f3n de accesibilidad<\/strong><\/p>\n<p>La presente declaraci\u00f3n fue revisada el 26 de enero de 2026.<\/p>\n<p>El m\u00e9todo empleado para preparar la declaraci\u00f3n ha sido una evaluaci\u00f3n propia.<\/p>\n","protected":false},"excerpt":{"rendered":"<p>Este sitio web se compromete a hacer accesible su sitio web de conformidad con el Real Decreto 1112\/2018, de 7 [&hellip;]<\/p>\n","protected":false},"author":1,"featured_media":0,"parent":0,"menu_order":0,"comment_status":"closed","ping_status":"closed","template":"","meta":{"site-sidebar-layout":"default","site-content-layout":"","ast-site-content-layout":"default","site-content-style":"default","site-sidebar-style":"default","ast-global-header-display":"","ast-banner-title-visibility":"","ast-main-header-display":"","ast-hfb-above-header-display":"","ast-hfb-below-header-display":"","ast-hfb-mobile-header-display":"","site-post-title":"","ast-breadcrumbs-content":"","ast-featured-img":"","footer-sml-layout":"","theme-transparent-header-meta":"default","adv-header-id-meta":"","stick-header-meta":"","header-above-stick-meta":"","header-main-stick-meta":"","header-below-stick-meta":"","astra-migrate-meta-layouts":"default","ast-page-background-enabled":"default","ast-page-background-meta":{"desktop":{"background-color":"var(--ast-global-color-5)","background-image":"","background-repeat":"repeat","background-position":"center center","background-size":"auto","background-attachment":"scroll","background-type":"","background-media":"","overlay-type":"","overlay-color":"","overlay-opacity":"","overlay-gradient":""},"tablet":{"background-color":"","background-image":"","background-repeat":"repeat","background-position":"center center","background-size":"auto","background-attachment":"scroll","background-type":"","background-media":"","overlay-type":"","overlay-color":"","overlay-opacity":"","overlay-gradient":""},"mobile":{"background-color":"","background-image":"","background-repeat":"repeat","background-position":"center center","background-size":"auto","background-attachment":"scroll","background-type":"","background-media":"","overlay-type":"","overlay-color":"","overlay-opacity":"","overlay-gradient":""}},"ast-content-background-meta":{"desktop":{"background-color":"var(--ast-global-color-4)","background-image":"","background-repeat":"repeat","background-position":"center center","background-size":"auto","background-attachment":"scroll","background-type":"","background-media":"","overlay-type":"","overlay-color":"","overlay-opacity":"","overlay-gradient":""},"tablet":{"background-color":"var(--ast-global-color-4)","background-image":"","background-repeat":"repeat","background-position":"center center","background-size":"auto","background-attachment":"scroll","background-type":"","background-media":"","overlay-type":"","overlay-color":"","overlay-opacity":"","overlay-gradient":""},"mobile":{"background-color":"var(--ast-global-color-4)","background-image":"","background-repeat":"repeat","background-position":"center center","background-size":"auto","background-attachment":"scroll","background-type":"","background-media":"","overlay-type":"","overlay-color":"","overlay-opacity":"","overlay-gradient":""}},"footnotes":""},"class_list":["post-950","page","type-page","status-publish","hentry"],"_links":{"self":[{"href":"https:\/\/www.aldichdesign.com\/en\/wp-json\/wp\/v2\/pages\/950","targetHints":{"allow":["GET"]}}],"collection":[{"href":"https:\/\/www.aldichdesign.com\/en\/wp-json\/wp\/v2\/pages"}],"about":[{"href":"https:\/\/www.aldichdesign.com\/en\/wp-json\/wp\/v2\/types\/page"}],"author":[{"embeddable":true,"href":"https:\/\/www.aldichdesign.com\/en\/wp-json\/wp\/v2\/users\/1"}],"replies":[{"embeddable":true,"href":"https:\/\/www.aldichdesign.com\/en\/wp-json\/wp\/v2\/comments?post=950"}],"version-history":[{"count":0,"href":"https:\/\/www.aldichdesign.com\/en\/wp-json\/wp\/v2\/pages\/950\/revisions"}],"wp:attachment":[{"href":"https:\/\/www.aldichdesign.com\/en\/wp-json\/wp\/v2\/media?parent=950"}],"curies":[{"name":"wp","href":"https:\/\/api.w.org\/{rel}","templated":true}]}}